{"id":17,"date":"2019-06-25T18:00:23","date_gmt":"2019-06-25T21:00:23","guid":{"rendered":"https:\/\/comitedeetica.fdv.br\/?page_id=17"},"modified":"2019-06-26T13:36:35","modified_gmt":"2019-06-26T16:36:35","slug":"quem-somos","status":"publish","type":"page","link":"https:\/\/comitedeetica.fdv.br\/?page_id=17","title":{"rendered":"Quem somos"},"content":{"rendered":"\t\t<div data-elementor-type=\"wp-post\" data-elementor-id=\"17\" class=\"elementor elementor-17\" data-elementor-post-type=\"page\">\n\t\t\t\t\t\t<section class=\"elementor-section elementor-top-section elementor-element elementor-element-2b98a6f3 elementor-section-boxed elementor-section-height-default elementor-section-height-default\" data-id=\"2b98a6f3\" data-element_type=\"section\" data-settings=\"{&quot;background_background&quot;:&quot;classic&quot;}\">\n\t\t\t\t\t\t<div class=\"elementor-container elementor-column-gap-default\">\n\t\t\t\t\t<div class=\"elementor-column elementor-col-50 elementor-top-column elementor-element elementor-element-4cfd172b\" data-id=\"4cfd172b\" data-element_type=\"column\">\n\t\t\t<div class=\"elementor-widget-wrap elementor-element-populated\">\n\t\t\t\t\t\t<div class=\"elementor-element elementor-element-7a326026 elementor-widget elementor-widget-heading\" data-id=\"7a326026\" data-element_type=\"widget\" data-widget_type=\"heading.default\">\n\t\t\t\t<div class=\"elementor-widget-container\">\n\t\t\t\t\t<h2 class=\"elementor-heading-title elementor-size-default\">Quem somos<\/h2>\t\t\t\t<\/div>\n\t\t\t\t<\/div>\n\t\t\t\t\t<\/div>\n\t\t<\/div>\n\t\t\t\t<div class=\"elementor-column elementor-col-50 elementor-top-column elementor-element elementor-element-e1fc5de\" data-id=\"e1fc5de\" data-element_type=\"column\">\n\t\t\t<div class=\"elementor-widget-wrap elementor-element-populated\">\n\t\t\t\t\t\t<div class=\"elementor-element elementor-element-a0a92a2 elementor-align-right elementor-mobile-align-center elementor-widget elementor-widget-breadcrumbs\" data-id=\"a0a92a2\" data-element_type=\"widget\" data-widget_type=\"breadcrumbs.default\">\n\t\t\t\t<div class=\"elementor-widget-container\">\n\t\t\t\t\t<p id=\"breadcrumbs\"><span><span><a href=\"https:\/\/comitedeetica.fdv.br\/\">Home<\/a><\/span><\/span><\/p>\t\t\t\t<\/div>\n\t\t\t\t<\/div>\n\t\t\t\t\t<\/div>\n\t\t<\/div>\n\t\t\t\t\t<\/div>\n\t\t<\/section>\n\t\t\t\t<section class=\"elementor-section elementor-top-section elementor-element elementor-element-2961b470 elementor-section-boxed elementor-section-height-default elementor-section-height-default\" data-id=\"2961b470\" data-element_type=\"section\" data-settings=\"{&quot;background_background&quot;:&quot;classic&quot;}\">\n\t\t\t\t\t\t<div class=\"elementor-container elementor-column-gap-default\">\n\t\t\t\t\t<div class=\"elementor-column elementor-col-100 elementor-top-column elementor-element elementor-element-368598ea\" data-id=\"368598ea\" data-element_type=\"column\" data-settings=\"{&quot;background_background&quot;:&quot;classic&quot;}\">\n\t\t\t<div class=\"elementor-widget-wrap elementor-element-populated\">\n\t\t\t\t\t\t<div class=\"elementor-element elementor-element-53d7675f elementor-widget elementor-widget-text-editor\" data-id=\"53d7675f\" data-element_type=\"widget\" data-widget_type=\"text-editor.default\">\n\t\t\t\t<div class=\"elementor-widget-container\">\n\t\t\t\t\t\t\t\t\t<p>O Comit\u00ea de \u00c9tica em Pesquisa com Seres Humanos da FDV (CEP-FDV) \u00e9 um colegiado interdisciplinar, vinculado \u00e0 Coordena\u00e7\u00e3o de Pesquisa da Faculdade de Direito de Vit\u00f3ria, por\u00e9m independente, de car\u00e1ter consultivo, deliberativo e educativo, criado para contribuir no desenvolvimento de pesquisas que envolvam direta ou indiretamente seres humanos, para que a pesquisa se apresente dentro de padr\u00f5es \u00e9ticos-cient\u00edficos.<\/p><p>O CEP-FDV foi institu\u00eddo pela Resolu\u00e7\u00e3o n\u00ba 33\/2011, de 20 de agosto de 2011 com base na Resolu\u00e7\u00e3o n\u00ba 466\/2012 e resolu\u00e7\u00f5es complementares, expedidos pelo Conselho Nacional de Sa\u00fade \u2013 Minist\u00e9rio da Sa\u00fade (CNS\/MS) e Comiss\u00e3o Nacional de \u00c9tica em Pesquisa (CONEP) para sua regulamenta\u00e7\u00e3o e estrutura\u00e7\u00e3o.<\/p><p>Conta com um corpo de membros das mais diversas \u00e1reas, com destaque para especialistas em bio\u00e9tica, contando com no m\u00ednimo, sete membros titulares e um membro representante de usu\u00e1rio.<\/p><p>O CEP-FDV, visando a condu\u00e7\u00e3o de uma pesquisa \u00e9tica, emite pareceres, realiza o acompanhamento das pesquisas que envolvam seres humanos com absoluto sigilo, priorizando a defesa dos interesses dos sujeitos da pesquisa em sua integridade, bem como os crit\u00e9rios e padr\u00f5es \u00e9ticos estabelecidos pelo CONEP\/CNS\/MS.<\/p>\t\t\t\t\t\t\t\t<\/div>\n\t\t\t\t<\/div>\n\t\t\t\t\t<\/div>\n\t\t<\/div>\n\t\t\t\t\t<\/div>\n\t\t<\/section>\n\t\t\t\t<\/div>\n\t\t","protected":false},"excerpt":{"rendered":"<p>Quem somos O Comit\u00ea de \u00c9tica em Pesquisa com Seres Humanos da FDV (CEP-FDV) \u00e9 um colegiado interdisciplinar, vinculado \u00e0 Coordena\u00e7\u00e3o de Pesquisa da Faculdade de Direito de Vit\u00f3ria, por\u00e9m independente, de car\u00e1ter consultivo, deliberativo e educativo, criado para contribuir no desenvolvimento de pesquisas que envolvam direta ou indiretamente seres humanos, para que a pesquisa [&hellip;]<\/p>\n","protected":false},"author":1,"featured_media":0,"parent":0,"menu_order":0,"comment_status":"closed","ping_status":"closed","template":"elementor_header_footer","meta":{"footnotes":""},"class_list":["post-17","page","type-page","status-publish","hentry"],"yoast_head":"<!-- This site is optimized with the Yoast SEO plugin v26.4 - https:\/\/yoast.com\/wordpress\/plugins\/seo\/ -->\n<title>Quem somos - Comit\u00ea de \u00c9tica em Pesquisa com Seres Humanos da FDV (CEP-FDV)<\/title>\n<meta name=\"robots\" content=\"index, follow, max-snippet:-1, max-image-preview:large, max-video-preview:-1\" \/>\n<link rel=\"canonical\" href=\"https:\/\/comitedeetica.fdv.br\/?page_id=17\" \/>\n<meta property=\"og:locale\" content=\"pt_BR\" \/>\n<meta property=\"og:type\" content=\"article\" \/>\n<meta property=\"og:title\" content=\"Quem somos - Comit\u00ea de \u00c9tica em Pesquisa com Seres Humanos da FDV (CEP-FDV)\" \/>\n<meta property=\"og:description\" content=\"Quem somos O Comit\u00ea de \u00c9tica em Pesquisa com Seres Humanos da FDV (CEP-FDV) \u00e9 um colegiado interdisciplinar, vinculado \u00e0 Coordena\u00e7\u00e3o de Pesquisa da Faculdade de Direito de Vit\u00f3ria, por\u00e9m independente, de car\u00e1ter consultivo, deliberativo e educativo, criado para contribuir no desenvolvimento de pesquisas que envolvam direta ou indiretamente seres humanos, para que a pesquisa [&hellip;]\" \/>\n<meta property=\"og:url\" content=\"https:\/\/comitedeetica.fdv.br\/?page_id=17\" \/>\n<meta property=\"og:site_name\" content=\"Comit\u00ea de \u00c9tica em Pesquisa com Seres Humanos da FDV (CEP-FDV)\" \/>\n<meta property=\"article:modified_time\" content=\"2019-06-26T16:36:35+00:00\" \/>\n<meta name=\"twitter:card\" content=\"summary_large_image\" \/>\n<meta name=\"twitter:label1\" content=\"Est. tempo de leitura\" \/>\n\t<meta name=\"twitter:data1\" content=\"1 minuto\" \/>\n<script type=\"application\/ld+json\" class=\"yoast-schema-graph\">{\"@context\":\"https:\/\/schema.org\",\"@graph\":[{\"@type\":\"WebPage\",\"@id\":\"https:\/\/comitedeetica.fdv.br\/?page_id=17\",\"url\":\"https:\/\/comitedeetica.fdv.br\/?page_id=17\",\"name\":\"Quem somos - Comit\u00ea de \u00c9tica em Pesquisa com Seres Humanos da FDV (CEP-FDV)\",\"isPartOf\":{\"@id\":\"https:\/\/comitedeetica.fdv.br\/#website\"},\"datePublished\":\"2019-06-25T21:00:23+00:00\",\"dateModified\":\"2019-06-26T16:36:35+00:00\",\"breadcrumb\":{\"@id\":\"https:\/\/comitedeetica.fdv.br\/?page_id=17#breadcrumb\"},\"inLanguage\":\"pt-BR\",\"potentialAction\":[{\"@type\":\"ReadAction\",\"target\":[\"https:\/\/comitedeetica.fdv.br\/?page_id=17\"]}]},{\"@type\":\"BreadcrumbList\",\"@id\":\"https:\/\/comitedeetica.fdv.br\/?page_id=17#breadcrumb\",\"itemListElement\":[{\"@type\":\"ListItem\",\"position\":1,\"name\":\"Home\",\"item\":\"https:\/\/comitedeetica.fdv.br\/\"},{\"@type\":\"ListItem\",\"position\":2,\"name\":\"Quem somos\"}]},{\"@type\":\"WebSite\",\"@id\":\"https:\/\/comitedeetica.fdv.br\/#website\",\"url\":\"https:\/\/comitedeetica.fdv.br\/\",\"name\":\"Comit\u00ea de \u00c9tica em Pesquisa com Seres Humanos da FDV (CEP-FDV)\",\"description\":\"\",\"potentialAction\":[{\"@type\":\"SearchAction\",\"target\":{\"@type\":\"EntryPoint\",\"urlTemplate\":\"https:\/\/comitedeetica.fdv.br\/?s={search_term_string}\"},\"query-input\":{\"@type\":\"PropertyValueSpecification\",\"valueRequired\":true,\"valueName\":\"search_term_string\"}}],\"inLanguage\":\"pt-BR\"}]}<\/script>\n<!-- \/ Yoast SEO plugin. -->","yoast_head_json":{"title":"Quem somos - Comit\u00ea de \u00c9tica em Pesquisa com Seres Humanos da FDV (CEP-FDV)","robots":{"index":"index","follow":"follow","max-snippet":"max-snippet:-1","max-image-preview":"max-image-preview:large","max-video-preview":"max-video-preview:-1"},"canonical":"https:\/\/comitedeetica.fdv.br\/?page_id=17","og_locale":"pt_BR","og_type":"article","og_title":"Quem somos - Comit\u00ea de \u00c9tica em Pesquisa com Seres Humanos da FDV (CEP-FDV)","og_description":"Quem somos O Comit\u00ea de \u00c9tica em Pesquisa com Seres Humanos da FDV (CEP-FDV) \u00e9 um colegiado interdisciplinar, vinculado \u00e0 Coordena\u00e7\u00e3o de Pesquisa da Faculdade de Direito de Vit\u00f3ria, por\u00e9m independente, de car\u00e1ter consultivo, deliberativo e educativo, criado para contribuir no desenvolvimento de pesquisas que envolvam direta ou indiretamente seres humanos, para que a pesquisa [&hellip;]","og_url":"https:\/\/comitedeetica.fdv.br\/?page_id=17","og_site_name":"Comit\u00ea de \u00c9tica em Pesquisa com Seres Humanos da FDV (CEP-FDV)","article_modified_time":"2019-06-26T16:36:35+00:00","twitter_card":"summary_large_image","twitter_misc":{"Est. tempo de leitura":"1 minuto"},"schema":{"@context":"https:\/\/schema.org","@graph":[{"@type":"WebPage","@id":"https:\/\/comitedeetica.fdv.br\/?page_id=17","url":"https:\/\/comitedeetica.fdv.br\/?page_id=17","name":"Quem somos - Comit\u00ea de \u00c9tica em Pesquisa com Seres Humanos da FDV (CEP-FDV)","isPartOf":{"@id":"https:\/\/comitedeetica.fdv.br\/#website"},"datePublished":"2019-06-25T21:00:23+00:00","dateModified":"2019-06-26T16:36:35+00:00","breadcrumb":{"@id":"https:\/\/comitedeetica.fdv.br\/?page_id=17#breadcrumb"},"inLanguage":"pt-BR","potentialAction":[{"@type":"ReadAction","target":["https:\/\/comitedeetica.fdv.br\/?page_id=17"]}]},{"@type":"BreadcrumbList","@id":"https:\/\/comitedeetica.fdv.br\/?page_id=17#breadcrumb","itemListElement":[{"@type":"ListItem","position":1,"name":"Home","item":"https:\/\/comitedeetica.fdv.br\/"},{"@type":"ListItem","position":2,"name":"Quem somos"}]},{"@type":"WebSite","@id":"https:\/\/comitedeetica.fdv.br\/#website","url":"https:\/\/comitedeetica.fdv.br\/","name":"Comit\u00ea de \u00c9tica em Pesquisa com Seres Humanos da FDV (CEP-FDV)","description":"","potentialAction":[{"@type":"SearchAction","target":{"@type":"EntryPoint","urlTemplate":"https:\/\/comitedeetica.fdv.br\/?s={search_term_string}"},"query-input":{"@type":"PropertyValueSpecification","valueRequired":true,"valueName":"search_term_string"}}],"inLanguage":"pt-BR"}]}},"_links":{"self":[{"href":"https:\/\/comitedeetica.fdv.br\/index.php?rest_route=\/wp\/v2\/pages\/17","targetHints":{"allow":["GET"]}}],"collection":[{"href":"https:\/\/comitedeetica.fdv.br\/index.php?rest_route=\/wp\/v2\/pages"}],"about":[{"href":"https:\/\/comitedeetica.fdv.br\/index.php?rest_route=\/wp\/v2\/types\/page"}],"author":[{"embeddable":true,"href":"https:\/\/comitedeetica.fdv.br\/index.php?rest_route=\/wp\/v2\/users\/1"}],"replies":[{"embeddable":true,"href":"https:\/\/comitedeetica.fdv.br\/index.php?rest_route=%2Fwp%2Fv2%2Fcomments&post=17"}],"version-history":[{"count":5,"href":"https:\/\/comitedeetica.fdv.br\/index.php?rest_route=\/wp\/v2\/pages\/17\/revisions"}],"predecessor-version":[{"id":205,"href":"https:\/\/comitedeetica.fdv.br\/index.php?rest_route=\/wp\/v2\/pages\/17\/revisions\/205"}],"wp:attachment":[{"href":"https:\/\/comitedeetica.fdv.br\/index.php?rest_route=%2Fwp%2Fv2%2Fmedia&parent=17"}],"curies":[{"name":"wp","href":"https:\/\/api.w.org\/{rel}","templated":true}]}}