{"id":19,"date":"2019-06-25T18:00:45","date_gmt":"2019-06-25T21:00:45","guid":{"rendered":"https:\/\/comitedeetica.fdv.br\/?page_id=19"},"modified":"2019-07-31T13:23:28","modified_gmt":"2019-07-31T16:23:28","slug":"submissao-de-projeto","status":"publish","type":"page","link":"https:\/\/comitedeetica.fdv.br\/?page_id=19","title":{"rendered":"Submiss\u00e3o de projeto"},"content":{"rendered":"\t\t<div data-elementor-type=\"wp-post\" data-elementor-id=\"19\" class=\"elementor elementor-19\" data-elementor-post-type=\"page\">\n\t\t\t\t\t\t<section class=\"elementor-section elementor-top-section elementor-element elementor-element-3bec7da5 elementor-section-boxed elementor-section-height-default elementor-section-height-default\" data-id=\"3bec7da5\" data-element_type=\"section\" data-settings=\"{&quot;background_background&quot;:&quot;classic&quot;}\">\n\t\t\t\t\t\t<div class=\"elementor-container elementor-column-gap-default\">\n\t\t\t\t\t<div class=\"elementor-column elementor-col-50 elementor-top-column elementor-element elementor-element-22e94419\" data-id=\"22e94419\" data-element_type=\"column\">\n\t\t\t<div class=\"elementor-widget-wrap elementor-element-populated\">\n\t\t\t\t\t\t<div class=\"elementor-element elementor-element-5b3c527 elementor-widget elementor-widget-heading\" data-id=\"5b3c527\" data-element_type=\"widget\" data-widget_type=\"heading.default\">\n\t\t\t\t<div class=\"elementor-widget-container\">\n\t\t\t\t\t<h2 class=\"elementor-heading-title elementor-size-default\">Submiss\u00e3o de projeto<\/h2>\t\t\t\t<\/div>\n\t\t\t\t<\/div>\n\t\t\t\t\t<\/div>\n\t\t<\/div>\n\t\t\t\t<div class=\"elementor-column elementor-col-50 elementor-top-column elementor-element elementor-element-4fe7cd06\" data-id=\"4fe7cd06\" data-element_type=\"column\">\n\t\t\t<div class=\"elementor-widget-wrap elementor-element-populated\">\n\t\t\t\t\t\t<div class=\"elementor-element elementor-element-2b0abc6b elementor-align-right elementor-mobile-align-center elementor-widget elementor-widget-breadcrumbs\" data-id=\"2b0abc6b\" data-element_type=\"widget\" data-widget_type=\"breadcrumbs.default\">\n\t\t\t\t<div class=\"elementor-widget-container\">\n\t\t\t\t\t<p id=\"breadcrumbs\"><span><span><a href=\"https:\/\/comitedeetica.fdv.br\/\">Home<\/a><\/span><\/span><\/p>\t\t\t\t<\/div>\n\t\t\t\t<\/div>\n\t\t\t\t\t<\/div>\n\t\t<\/div>\n\t\t\t\t\t<\/div>\n\t\t<\/section>\n\t\t\t\t<section class=\"elementor-section elementor-top-section elementor-element elementor-element-1e50df29 elementor-section-boxed elementor-section-height-default elementor-section-height-default\" data-id=\"1e50df29\" data-element_type=\"section\" data-settings=\"{&quot;background_background&quot;:&quot;classic&quot;}\">\n\t\t\t\t\t\t<div class=\"elementor-container elementor-column-gap-default\">\n\t\t\t\t\t<div class=\"elementor-column elementor-col-100 elementor-top-column elementor-element elementor-element-36bdd907\" data-id=\"36bdd907\" data-element_type=\"column\" data-settings=\"{&quot;background_background&quot;:&quot;classic&quot;}\">\n\t\t\t<div class=\"elementor-widget-wrap elementor-element-populated\">\n\t\t\t\t\t\t<div class=\"elementor-element elementor-element-6db109fb elementor-widget elementor-widget-heading\" data-id=\"6db109fb\" data-element_type=\"widget\" data-widget_type=\"heading.default\">\n\t\t\t\t<div class=\"elementor-widget-container\">\n\t\t\t\t\t<h2 class=\"elementor-heading-title elementor-size-default\">Quando submeter ao CEP:<\/h2>\t\t\t\t<\/div>\n\t\t\t\t<\/div>\n\t\t\t\t<div class=\"elementor-element elementor-element-757fb4fa elementor-widget elementor-widget-text-editor\" data-id=\"757fb4fa\" data-element_type=\"widget\" data-widget_type=\"text-editor.default\">\n\t\t\t\t<div class=\"elementor-widget-container\">\n\t\t\t\t\t\t\t\t\t<p>De acordo com a Resolu\u00e7\u00e3o 466\/12, toda pesquisa envolvendo seres humanos deve ser submetida \u00e0 aprecia\u00e7\u00e3o de um Comit\u00ea de \u00c9tica em Pesquisa (CEP) -, de forma que, caso receba sua aprova\u00e7\u00e3o, possa ser iniciada.<\/p><p>Portanto, considerando que a Plataforma Brasil \u00e9, desde o dia 15\/01\/2012, a \u00fanica forma para submiss\u00e3o de pesquisas ao Sistema CEP\/CONEP, todos os ensaios cl\u00ednicos envolvendo seres humanos devem ser cadastrados na Plataforma Brasil.<\/p>\t\t\t\t\t\t\t\t<\/div>\n\t\t\t\t<\/div>\n\t\t\t\t<section class=\"elementor-section elementor-inner-section elementor-element elementor-element-4695cc8 elementor-section-boxed elementor-section-height-default elementor-section-height-default\" data-id=\"4695cc8\" data-element_type=\"section\" data-settings=\"{&quot;background_background&quot;:&quot;classic&quot;}\">\n\t\t\t\t\t\t<div class=\"elementor-container elementor-column-gap-default\">\n\t\t\t\t\t<div class=\"elementor-column elementor-col-50 elementor-inner-column elementor-element elementor-element-031d8fc\" data-id=\"031d8fc\" data-element_type=\"column\">\n\t\t\t<div class=\"elementor-widget-wrap elementor-element-populated\">\n\t\t\t\t\t\t<div class=\"elementor-element elementor-element-af8915d elementor-widget elementor-widget-heading\" data-id=\"af8915d\" data-element_type=\"widget\" data-widget_type=\"heading.default\">\n\t\t\t\t<div class=\"elementor-widget-container\">\n\t\t\t\t\t<h2 class=\"elementor-heading-title elementor-size-default\">Plataforma Brasil<\/h2>\t\t\t\t<\/div>\n\t\t\t\t<\/div>\n\t\t\t\t\t<\/div>\n\t\t<\/div>\n\t\t\t\t<div class=\"elementor-column elementor-col-50 elementor-inner-column elementor-element elementor-element-68f8598\" data-id=\"68f8598\" data-element_type=\"column\">\n\t\t\t<div class=\"elementor-widget-wrap elementor-element-populated\">\n\t\t\t\t\t\t<div class=\"elementor-element elementor-element-be1fbaf elementor-align-left elementor-widget elementor-widget-button\" data-id=\"be1fbaf\" data-element_type=\"widget\" data-widget_type=\"button.default\">\n\t\t\t\t<div class=\"elementor-widget-container\">\n\t\t\t\t\t\t\t\t\t<div class=\"elementor-button-wrapper\">\n\t\t\t\t\t<a class=\"elementor-button elementor-button-link elementor-size-sm\" href=\"http:\/\/plataformabrasil.saude.gov.br\" target=\"_blank\">\n\t\t\t\t\t\t<span class=\"elementor-button-content-wrapper\">\n\t\t\t\t\t\t\t\t\t<span class=\"elementor-button-text\">ACESSAR A PLATAFORMA<\/span>\n\t\t\t\t\t<\/span>\n\t\t\t\t\t<\/a>\n\t\t\t\t<\/div>\n\t\t\t\t\t\t\t\t<\/div>\n\t\t\t\t<\/div>\n\t\t\t\t\t<\/div>\n\t\t<\/div>\n\t\t\t\t\t<\/div>\n\t\t<\/section>\n\t\t\t\t\t<\/div>\n\t\t<\/div>\n\t\t\t\t\t<\/div>\n\t\t<\/section>\n\t\t\t\t<\/div>\n\t\t","protected":false},"excerpt":{"rendered":"<p>Submiss\u00e3o de projeto Quando submeter ao CEP: De acordo com a Resolu\u00e7\u00e3o 466\/12, toda pesquisa envolvendo seres humanos deve ser submetida \u00e0 aprecia\u00e7\u00e3o de um Comit\u00ea de \u00c9tica em Pesquisa (CEP) -, de forma que, caso receba sua aprova\u00e7\u00e3o, possa ser iniciada. Portanto, considerando que a Plataforma Brasil \u00e9, desde o dia 15\/01\/2012, a \u00fanica [&hellip;]<\/p>\n","protected":false},"author":1,"featured_media":0,"parent":0,"menu_order":0,"comment_status":"closed","ping_status":"closed","template":"elementor_header_footer","meta":{"footnotes":""},"class_list":["post-19","page","type-page","status-publish","hentry"],"yoast_head":"<!-- This site is optimized with the Yoast SEO plugin v26.4 - https:\/\/yoast.com\/wordpress\/plugins\/seo\/ -->\n<title>Submiss\u00e3o de projeto - Comit\u00ea de \u00c9tica em Pesquisa com Seres Humanos da FDV (CEP-FDV)<\/title>\n<meta name=\"robots\" content=\"index, follow, max-snippet:-1, max-image-preview:large, max-video-preview:-1\" \/>\n<link rel=\"canonical\" href=\"https:\/\/comitedeetica.fdv.br\/?page_id=19\" \/>\n<meta property=\"og:locale\" content=\"pt_BR\" \/>\n<meta property=\"og:type\" content=\"article\" \/>\n<meta property=\"og:title\" content=\"Submiss\u00e3o de projeto - Comit\u00ea de \u00c9tica em Pesquisa com Seres Humanos da FDV (CEP-FDV)\" \/>\n<meta property=\"og:description\" content=\"Submiss\u00e3o de projeto Quando submeter ao CEP: De acordo com a Resolu\u00e7\u00e3o 466\/12, toda pesquisa envolvendo seres humanos deve ser submetida \u00e0 aprecia\u00e7\u00e3o de um Comit\u00ea de \u00c9tica em Pesquisa (CEP) -, de forma que, caso receba sua aprova\u00e7\u00e3o, possa ser iniciada. Portanto, considerando que a Plataforma Brasil \u00e9, desde o dia 15\/01\/2012, a \u00fanica [&hellip;]\" \/>\n<meta property=\"og:url\" content=\"https:\/\/comitedeetica.fdv.br\/?page_id=19\" \/>\n<meta property=\"og:site_name\" content=\"Comit\u00ea de \u00c9tica em Pesquisa com Seres Humanos da FDV (CEP-FDV)\" \/>\n<meta property=\"article:modified_time\" content=\"2019-07-31T16:23:28+00:00\" \/>\n<meta name=\"twitter:card\" content=\"summary_large_image\" \/>\n<script type=\"application\/ld+json\" class=\"yoast-schema-graph\">{\"@context\":\"https:\/\/schema.org\",\"@graph\":[{\"@type\":\"WebPage\",\"@id\":\"https:\/\/comitedeetica.fdv.br\/?page_id=19\",\"url\":\"https:\/\/comitedeetica.fdv.br\/?page_id=19\",\"name\":\"Submiss\u00e3o de projeto - Comit\u00ea de \u00c9tica em Pesquisa com Seres Humanos da FDV (CEP-FDV)\",\"isPartOf\":{\"@id\":\"https:\/\/comitedeetica.fdv.br\/#website\"},\"datePublished\":\"2019-06-25T21:00:45+00:00\",\"dateModified\":\"2019-07-31T16:23:28+00:00\",\"breadcrumb\":{\"@id\":\"https:\/\/comitedeetica.fdv.br\/?page_id=19#breadcrumb\"},\"inLanguage\":\"pt-BR\",\"potentialAction\":[{\"@type\":\"ReadAction\",\"target\":[\"https:\/\/comitedeetica.fdv.br\/?page_id=19\"]}]},{\"@type\":\"BreadcrumbList\",\"@id\":\"https:\/\/comitedeetica.fdv.br\/?page_id=19#breadcrumb\",\"itemListElement\":[{\"@type\":\"ListItem\",\"position\":1,\"name\":\"Home\",\"item\":\"https:\/\/comitedeetica.fdv.br\/\"},{\"@type\":\"ListItem\",\"position\":2,\"name\":\"Submiss\u00e3o de projeto\"}]},{\"@type\":\"WebSite\",\"@id\":\"https:\/\/comitedeetica.fdv.br\/#website\",\"url\":\"https:\/\/comitedeetica.fdv.br\/\",\"name\":\"Comit\u00ea de \u00c9tica em Pesquisa com Seres Humanos da FDV (CEP-FDV)\",\"description\":\"\",\"potentialAction\":[{\"@type\":\"SearchAction\",\"target\":{\"@type\":\"EntryPoint\",\"urlTemplate\":\"https:\/\/comitedeetica.fdv.br\/?s={search_term_string}\"},\"query-input\":{\"@type\":\"PropertyValueSpecification\",\"valueRequired\":true,\"valueName\":\"search_term_string\"}}],\"inLanguage\":\"pt-BR\"}]}<\/script>\n<!-- \/ Yoast SEO plugin. -->","yoast_head_json":{"title":"Submiss\u00e3o de projeto - Comit\u00ea de \u00c9tica em Pesquisa com Seres Humanos da FDV (CEP-FDV)","robots":{"index":"index","follow":"follow","max-snippet":"max-snippet:-1","max-image-preview":"max-image-preview:large","max-video-preview":"max-video-preview:-1"},"canonical":"https:\/\/comitedeetica.fdv.br\/?page_id=19","og_locale":"pt_BR","og_type":"article","og_title":"Submiss\u00e3o de projeto - Comit\u00ea de \u00c9tica em Pesquisa com Seres Humanos da FDV (CEP-FDV)","og_description":"Submiss\u00e3o de projeto Quando submeter ao CEP: De acordo com a Resolu\u00e7\u00e3o 466\/12, toda pesquisa envolvendo seres humanos deve ser submetida \u00e0 aprecia\u00e7\u00e3o de um Comit\u00ea de \u00c9tica em Pesquisa (CEP) -, de forma que, caso receba sua aprova\u00e7\u00e3o, possa ser iniciada. Portanto, considerando que a Plataforma Brasil \u00e9, desde o dia 15\/01\/2012, a \u00fanica [&hellip;]","og_url":"https:\/\/comitedeetica.fdv.br\/?page_id=19","og_site_name":"Comit\u00ea de \u00c9tica em Pesquisa com Seres Humanos da FDV (CEP-FDV)","article_modified_time":"2019-07-31T16:23:28+00:00","twitter_card":"summary_large_image","schema":{"@context":"https:\/\/schema.org","@graph":[{"@type":"WebPage","@id":"https:\/\/comitedeetica.fdv.br\/?page_id=19","url":"https:\/\/comitedeetica.fdv.br\/?page_id=19","name":"Submiss\u00e3o de projeto - Comit\u00ea de \u00c9tica em Pesquisa com Seres Humanos da FDV (CEP-FDV)","isPartOf":{"@id":"https:\/\/comitedeetica.fdv.br\/#website"},"datePublished":"2019-06-25T21:00:45+00:00","dateModified":"2019-07-31T16:23:28+00:00","breadcrumb":{"@id":"https:\/\/comitedeetica.fdv.br\/?page_id=19#breadcrumb"},"inLanguage":"pt-BR","potentialAction":[{"@type":"ReadAction","target":["https:\/\/comitedeetica.fdv.br\/?page_id=19"]}]},{"@type":"BreadcrumbList","@id":"https:\/\/comitedeetica.fdv.br\/?page_id=19#breadcrumb","itemListElement":[{"@type":"ListItem","position":1,"name":"Home","item":"https:\/\/comitedeetica.fdv.br\/"},{"@type":"ListItem","position":2,"name":"Submiss\u00e3o de projeto"}]},{"@type":"WebSite","@id":"https:\/\/comitedeetica.fdv.br\/#website","url":"https:\/\/comitedeetica.fdv.br\/","name":"Comit\u00ea de \u00c9tica em Pesquisa com Seres Humanos da FDV (CEP-FDV)","description":"","potentialAction":[{"@type":"SearchAction","target":{"@type":"EntryPoint","urlTemplate":"https:\/\/comitedeetica.fdv.br\/?s={search_term_string}"},"query-input":{"@type":"PropertyValueSpecification","valueRequired":true,"valueName":"search_term_string"}}],"inLanguage":"pt-BR"}]}},"_links":{"self":[{"href":"https:\/\/comitedeetica.fdv.br\/index.php?rest_route=\/wp\/v2\/pages\/19","targetHints":{"allow":["GET"]}}],"collection":[{"href":"https:\/\/comitedeetica.fdv.br\/index.php?rest_route=\/wp\/v2\/pages"}],"about":[{"href":"https:\/\/comitedeetica.fdv.br\/index.php?rest_route=\/wp\/v2\/types\/page"}],"author":[{"embeddable":true,"href":"https:\/\/comitedeetica.fdv.br\/index.php?rest_route=\/wp\/v2\/users\/1"}],"replies":[{"embeddable":true,"href":"https:\/\/comitedeetica.fdv.br\/index.php?rest_route=%2Fwp%2Fv2%2Fcomments&post=19"}],"version-history":[{"count":12,"href":"https:\/\/comitedeetica.fdv.br\/index.php?rest_route=\/wp\/v2\/pages\/19\/revisions"}],"predecessor-version":[{"id":318,"href":"https:\/\/comitedeetica.fdv.br\/index.php?rest_route=\/wp\/v2\/pages\/19\/revisions\/318"}],"wp:attachment":[{"href":"https:\/\/comitedeetica.fdv.br\/index.php?rest_route=%2Fwp%2Fv2%2Fmedia&parent=19"}],"curies":[{"name":"wp","href":"https:\/\/api.w.org\/{rel}","templated":true}]}}