{"id":216,"date":"2019-06-26T16:45:34","date_gmt":"2019-06-26T19:45:34","guid":{"rendered":"https:\/\/comitedeetica.fdv.br\/?page_id=216"},"modified":"2020-03-02T14:56:31","modified_gmt":"2020-03-02T17:56:31","slug":"arquivos","status":"publish","type":"page","link":"https:\/\/comitedeetica.fdv.br\/?page_id=216","title":{"rendered":"Arquivos"},"content":{"rendered":"\t\t<div data-elementor-type=\"wp-post\" data-elementor-id=\"216\" class=\"elementor elementor-216\" data-elementor-post-type=\"page\">\n\t\t\t\t\t\t<section class=\"elementor-section elementor-top-section elementor-element elementor-element-2ccae9c3 elementor-section-boxed elementor-section-height-default elementor-section-height-default\" data-id=\"2ccae9c3\" data-element_type=\"section\" data-settings=\"{&quot;background_background&quot;:&quot;classic&quot;}\">\n\t\t\t\t\t\t<div class=\"elementor-container elementor-column-gap-default\">\n\t\t\t\t\t<div class=\"elementor-column elementor-col-50 elementor-top-column elementor-element elementor-element-3ed34b3b\" data-id=\"3ed34b3b\" data-element_type=\"column\">\n\t\t\t<div class=\"elementor-widget-wrap elementor-element-populated\">\n\t\t\t\t\t\t<div class=\"elementor-element elementor-element-141317c8 elementor-widget elementor-widget-heading\" data-id=\"141317c8\" data-element_type=\"widget\" data-widget_type=\"heading.default\">\n\t\t\t\t<div class=\"elementor-widget-container\">\n\t\t\t\t\t<h2 class=\"elementor-heading-title elementor-size-default\">Arquivos<\/h2>\t\t\t\t<\/div>\n\t\t\t\t<\/div>\n\t\t\t\t\t<\/div>\n\t\t<\/div>\n\t\t\t\t<div class=\"elementor-column elementor-col-50 elementor-top-column elementor-element elementor-element-406fa026\" data-id=\"406fa026\" data-element_type=\"column\">\n\t\t\t<div class=\"elementor-widget-wrap elementor-element-populated\">\n\t\t\t\t\t\t<div class=\"elementor-element elementor-element-2a0c3acc elementor-align-right elementor-mobile-align-center elementor-widget elementor-widget-breadcrumbs\" data-id=\"2a0c3acc\" data-element_type=\"widget\" data-widget_type=\"breadcrumbs.default\">\n\t\t\t\t<div class=\"elementor-widget-container\">\n\t\t\t\t\t<p id=\"breadcrumbs\"><span><span><a href=\"https:\/\/comitedeetica.fdv.br\/\">Home<\/a><\/span><\/span><\/p>\t\t\t\t<\/div>\n\t\t\t\t<\/div>\n\t\t\t\t\t<\/div>\n\t\t<\/div>\n\t\t\t\t\t<\/div>\n\t\t<\/section>\n\t\t\t\t<section class=\"elementor-section elementor-top-section elementor-element elementor-element-4fa4f67b elementor-section-boxed elementor-section-height-default elementor-section-height-default\" data-id=\"4fa4f67b\" data-element_type=\"section\" data-settings=\"{&quot;background_background&quot;:&quot;classic&quot;}\">\n\t\t\t\t\t\t<div class=\"elementor-container elementor-column-gap-default\">\n\t\t\t\t\t<div class=\"elementor-column elementor-col-100 elementor-top-column elementor-element elementor-element-6c6d178e\" data-id=\"6c6d178e\" data-element_type=\"column\" data-settings=\"{&quot;background_background&quot;:&quot;classic&quot;}\">\n\t\t\t<div class=\"elementor-widget-wrap elementor-element-populated\">\n\t\t\t\t\t\t<section class=\"elementor-section elementor-inner-section elementor-element elementor-element-1ef3e92a elementor-section-boxed elementor-section-height-default elementor-section-height-default\" data-id=\"1ef3e92a\" data-element_type=\"section\" data-settings=\"{&quot;background_background&quot;:&quot;classic&quot;}\">\n\t\t\t\t\t\t<div class=\"elementor-container elementor-column-gap-default\">\n\t\t\t\t\t<div class=\"elementor-column elementor-col-100 elementor-inner-column elementor-element elementor-element-3b7efb36\" data-id=\"3b7efb36\" data-element_type=\"column\">\n\t\t\t<div class=\"elementor-widget-wrap elementor-element-populated\">\n\t\t\t\t\t\t<div class=\"elementor-element elementor-element-4a238dcd elementor-widget elementor-widget-text-editor\" data-id=\"4a238dcd\" data-element_type=\"widget\" data-widget_type=\"text-editor.default\">\n\t\t\t\t<div class=\"elementor-widget-container\">\n\t\t\t\t\t\t\t\t\t<p>O Comit\u00ea de \u00c9tica torna dispon\u00edvel manuais e arquivos que podem ser \u00fateis para o seu conhecimento.\u00a0<\/p>\t\t\t\t\t\t\t\t<\/div>\n\t\t\t\t<\/div>\n\t\t\t\t\t<\/div>\n\t\t<\/div>\n\t\t\t\t\t<\/div>\n\t\t<\/section>\n\t\t\t\t<section class=\"elementor-section elementor-inner-section elementor-element elementor-element-c992989 elementor-section-boxed elementor-section-height-default elementor-section-height-default\" data-id=\"c992989\" data-element_type=\"section\" data-settings=\"{&quot;background_background&quot;:&quot;classic&quot;}\">\n\t\t\t\t\t\t<div class=\"elementor-container elementor-column-gap-default\">\n\t\t\t\t\t<div class=\"elementor-column elementor-col-50 elementor-inner-column elementor-element elementor-element-2ca2ee1\" data-id=\"2ca2ee1\" data-element_type=\"column\">\n\t\t\t<div class=\"elementor-widget-wrap elementor-element-populated\">\n\t\t\t\t\t\t<div class=\"elementor-element elementor-element-50691d6b elementor-widget elementor-widget-heading\" data-id=\"50691d6b\" data-element_type=\"widget\" data-widget_type=\"heading.default\">\n\t\t\t\t<div class=\"elementor-widget-container\">\n\t\t\t\t\t<h2 class=\"elementor-heading-title elementor-size-default\">MANUAL DE ORIENTA\u00c7\u00c3O\/PEND\u00caNCIAS FREQUENTES<\/h2>\t\t\t\t<\/div>\n\t\t\t\t<\/div>\n\t\t\t\t\t<\/div>\n\t\t<\/div>\n\t\t\t\t<div class=\"elementor-column elementor-col-50 elementor-inner-column elementor-element elementor-element-72f5986f\" data-id=\"72f5986f\" data-element_type=\"column\">\n\t\t\t<div class=\"elementor-widget-wrap elementor-element-populated\">\n\t\t\t\t\t\t<div class=\"elementor-element elementor-element-3cc746c2 elementor-align-justify elementor-widget elementor-widget-button\" data-id=\"3cc746c2\" data-element_type=\"widget\" data-widget_type=\"button.default\">\n\t\t\t\t<div class=\"elementor-widget-container\">\n\t\t\t\t\t\t\t\t\t<div class=\"elementor-button-wrapper\">\n\t\t\t\t\t<a class=\"elementor-button elementor-button-link elementor-size-sm\" href=\"http:\/\/comitedeetica.fdv.br\/wp-content\/uploads\/2019\/06\/manual-de-orientacao.pdf\" target=\"_blank\">\n\t\t\t\t\t\t<span class=\"elementor-button-content-wrapper\">\n\t\t\t\t\t\t\t\t\t<span class=\"elementor-button-text\">fazer download<\/span>\n\t\t\t\t\t<\/span>\n\t\t\t\t\t<\/a>\n\t\t\t\t<\/div>\n\t\t\t\t\t\t\t\t<\/div>\n\t\t\t\t<\/div>\n\t\t\t\t\t<\/div>\n\t\t<\/div>\n\t\t\t\t\t<\/div>\n\t\t<\/section>\n\t\t\t\t<section class=\"elementor-section elementor-inner-section elementor-element elementor-element-582480d2 elementor-section-boxed elementor-section-height-default elementor-section-height-default\" data-id=\"582480d2\" data-element_type=\"section\" data-settings=\"{&quot;background_background&quot;:&quot;classic&quot;}\">\n\t\t\t\t\t\t<div class=\"elementor-container elementor-column-gap-default\">\n\t\t\t\t\t<div class=\"elementor-column elementor-col-50 elementor-inner-column elementor-element elementor-element-47f8805b\" data-id=\"47f8805b\" data-element_type=\"column\">\n\t\t\t<div class=\"elementor-widget-wrap elementor-element-populated\">\n\t\t\t\t\t\t<div class=\"elementor-element elementor-element-4c952d96 elementor-widget elementor-widget-heading\" data-id=\"4c952d96\" data-element_type=\"widget\" data-widget_type=\"heading.default\">\n\t\t\t\t<div class=\"elementor-widget-container\">\n\t\t\t\t\t<h2 class=\"elementor-heading-title elementor-size-default\">MANUAL PESQUISADOR - VERS\u00c3O 3.2.33<\/h2>\t\t\t\t<\/div>\n\t\t\t\t<\/div>\n\t\t\t\t\t<\/div>\n\t\t<\/div>\n\t\t\t\t<div class=\"elementor-column elementor-col-50 elementor-inner-column elementor-element elementor-element-704d7042\" data-id=\"704d7042\" data-element_type=\"column\">\n\t\t\t<div class=\"elementor-widget-wrap elementor-element-populated\">\n\t\t\t\t\t\t<div class=\"elementor-element elementor-element-75ddb655 elementor-align-justify elementor-widget elementor-widget-button\" data-id=\"75ddb655\" data-element_type=\"widget\" data-widget_type=\"button.default\">\n\t\t\t\t<div class=\"elementor-widget-container\">\n\t\t\t\t\t\t\t\t\t<div class=\"elementor-button-wrapper\">\n\t\t\t\t\t<a class=\"elementor-button elementor-button-link elementor-size-sm\" href=\"http:\/\/comitedeetica.fdv.br\/wp-content\/uploads\/2019\/06\/manual-pesquisador-versao-3233.pdf\" target=\"_blank\">\n\t\t\t\t\t\t<span class=\"elementor-button-content-wrapper\">\n\t\t\t\t\t\t\t\t\t<span class=\"elementor-button-text\">fazer download<\/span>\n\t\t\t\t\t<\/span>\n\t\t\t\t\t<\/a>\n\t\t\t\t<\/div>\n\t\t\t\t\t\t\t\t<\/div>\n\t\t\t\t<\/div>\n\t\t\t\t\t<\/div>\n\t\t<\/div>\n\t\t\t\t\t<\/div>\n\t\t<\/section>\n\t\t\t\t<section class=\"elementor-section elementor-inner-section elementor-element elementor-element-333db12a elementor-section-boxed elementor-section-height-default elementor-section-height-default\" data-id=\"333db12a\" data-element_type=\"section\" data-settings=\"{&quot;background_background&quot;:&quot;classic&quot;}\">\n\t\t\t\t\t\t<div class=\"elementor-container elementor-column-gap-default\">\n\t\t\t\t\t<div class=\"elementor-column elementor-col-50 elementor-inner-column elementor-element elementor-element-69ffd46c\" data-id=\"69ffd46c\" data-element_type=\"column\">\n\t\t\t<div class=\"elementor-widget-wrap elementor-element-populated\">\n\t\t\t\t\t\t<div class=\"elementor-element elementor-element-52f3ff9 elementor-widget elementor-widget-heading\" data-id=\"52f3ff9\" data-element_type=\"widget\" data-widget_type=\"heading.default\">\n\t\t\t\t<div class=\"elementor-widget-container\">\n\t\t\t\t\t<h2 class=\"elementor-heading-title elementor-size-default\">REGIMENTO INTERNO<\/h2>\t\t\t\t<\/div>\n\t\t\t\t<\/div>\n\t\t\t\t\t<\/div>\n\t\t<\/div>\n\t\t\t\t<div class=\"elementor-column elementor-col-50 elementor-inner-column elementor-element elementor-element-2587140\" data-id=\"2587140\" data-element_type=\"column\">\n\t\t\t<div class=\"elementor-widget-wrap elementor-element-populated\">\n\t\t\t\t\t\t<div class=\"elementor-element elementor-element-63d0367f elementor-align-justify elementor-widget elementor-widget-button\" data-id=\"63d0367f\" data-element_type=\"widget\" data-widget_type=\"button.default\">\n\t\t\t\t<div class=\"elementor-widget-container\">\n\t\t\t\t\t\t\t\t\t<div class=\"elementor-button-wrapper\">\n\t\t\t\t\t<a class=\"elementor-button elementor-button-link elementor-size-sm\" href=\"http:\/\/comitedeetica.fdv.br\/wp-content\/uploads\/2019\/07\/regimento-interno-2.pdf\" target=\"_blank\">\n\t\t\t\t\t\t<span class=\"elementor-button-content-wrapper\">\n\t\t\t\t\t\t\t\t\t<span class=\"elementor-button-text\">fazer download<\/span>\n\t\t\t\t\t<\/span>\n\t\t\t\t\t<\/a>\n\t\t\t\t<\/div>\n\t\t\t\t\t\t\t\t<\/div>\n\t\t\t\t<\/div>\n\t\t\t\t\t<\/div>\n\t\t<\/div>\n\t\t\t\t\t<\/div>\n\t\t<\/section>\n\t\t\t\t\t<\/div>\n\t\t<\/div>\n\t\t\t\t\t<\/div>\n\t\t<\/section>\n\t\t\t\t<\/div>\n\t\t","protected":false},"excerpt":{"rendered":"<p>Arquivos O Comit\u00ea de \u00c9tica torna dispon\u00edvel manuais e arquivos que podem ser \u00fateis para o seu conhecimento.&nbsp; MANUAL DE ORIENTA\u00c7\u00c3O\/PEND\u00caNCIAS FREQUENTES fazer download MANUAL PESQUISADOR &#8211; VERS\u00c3O 3.2.33 fazer download REGIMENTO INTERNO fazer download<\/p>\n","protected":false},"author":1,"featured_media":0,"parent":0,"menu_order":0,"comment_status":"closed","ping_status":"closed","template":"elementor_header_footer","meta":{"footnotes":""},"class_list":["post-216","page","type-page","status-publish","hentry"],"yoast_head":"<!-- This site is optimized with the Yoast SEO plugin v26.4 - https:\/\/yoast.com\/wordpress\/plugins\/seo\/ -->\n<title>Arquivos - Comit\u00ea de \u00c9tica em Pesquisa com Seres Humanos da FDV (CEP-FDV)<\/title>\n<meta name=\"robots\" content=\"index, follow, max-snippet:-1, max-image-preview:large, max-video-preview:-1\" \/>\n<link rel=\"canonical\" href=\"https:\/\/comitedeetica.fdv.br\/?page_id=216\" \/>\n<meta property=\"og:locale\" content=\"pt_BR\" \/>\n<meta property=\"og:type\" content=\"article\" \/>\n<meta property=\"og:title\" content=\"Arquivos - Comit\u00ea de \u00c9tica em Pesquisa com Seres Humanos da FDV (CEP-FDV)\" \/>\n<meta property=\"og:description\" content=\"Arquivos O Comit\u00ea de \u00c9tica torna dispon\u00edvel manuais e arquivos que podem ser \u00fateis para o seu conhecimento.&nbsp; MANUAL DE ORIENTA\u00c7\u00c3O\/PEND\u00caNCIAS FREQUENTES fazer download MANUAL PESQUISADOR &#8211; VERS\u00c3O 3.2.33 fazer download REGIMENTO INTERNO fazer download\" \/>\n<meta property=\"og:url\" content=\"https:\/\/comitedeetica.fdv.br\/?page_id=216\" \/>\n<meta property=\"og:site_name\" content=\"Comit\u00ea de \u00c9tica em Pesquisa com Seres Humanos da FDV (CEP-FDV)\" \/>\n<meta property=\"article:modified_time\" content=\"2020-03-02T17:56:31+00:00\" \/>\n<meta name=\"twitter:card\" content=\"summary_large_image\" \/>\n<script type=\"application\/ld+json\" class=\"yoast-schema-graph\">{\"@context\":\"https:\/\/schema.org\",\"@graph\":[{\"@type\":\"WebPage\",\"@id\":\"https:\/\/comitedeetica.fdv.br\/?page_id=216\",\"url\":\"https:\/\/comitedeetica.fdv.br\/?page_id=216\",\"name\":\"Arquivos - Comit\u00ea de \u00c9tica em Pesquisa com Seres Humanos da FDV (CEP-FDV)\",\"isPartOf\":{\"@id\":\"https:\/\/comitedeetica.fdv.br\/#website\"},\"datePublished\":\"2019-06-26T19:45:34+00:00\",\"dateModified\":\"2020-03-02T17:56:31+00:00\",\"breadcrumb\":{\"@id\":\"https:\/\/comitedeetica.fdv.br\/?page_id=216#breadcrumb\"},\"inLanguage\":\"pt-BR\",\"potentialAction\":[{\"@type\":\"ReadAction\",\"target\":[\"https:\/\/comitedeetica.fdv.br\/?page_id=216\"]}]},{\"@type\":\"BreadcrumbList\",\"@id\":\"https:\/\/comitedeetica.fdv.br\/?page_id=216#breadcrumb\",\"itemListElement\":[{\"@type\":\"ListItem\",\"position\":1,\"name\":\"Home\",\"item\":\"https:\/\/comitedeetica.fdv.br\/\"},{\"@type\":\"ListItem\",\"position\":2,\"name\":\"Arquivos\"}]},{\"@type\":\"WebSite\",\"@id\":\"https:\/\/comitedeetica.fdv.br\/#website\",\"url\":\"https:\/\/comitedeetica.fdv.br\/\",\"name\":\"Comit\u00ea de \u00c9tica em Pesquisa com Seres Humanos da FDV (CEP-FDV)\",\"description\":\"\",\"potentialAction\":[{\"@type\":\"SearchAction\",\"target\":{\"@type\":\"EntryPoint\",\"urlTemplate\":\"https:\/\/comitedeetica.fdv.br\/?s={search_term_string}\"},\"query-input\":{\"@type\":\"PropertyValueSpecification\",\"valueRequired\":true,\"valueName\":\"search_term_string\"}}],\"inLanguage\":\"pt-BR\"}]}<\/script>\n<!-- \/ Yoast SEO plugin. -->","yoast_head_json":{"title":"Arquivos - Comit\u00ea de \u00c9tica em Pesquisa com Seres Humanos da FDV (CEP-FDV)","robots":{"index":"index","follow":"follow","max-snippet":"max-snippet:-1","max-image-preview":"max-image-preview:large","max-video-preview":"max-video-preview:-1"},"canonical":"https:\/\/comitedeetica.fdv.br\/?page_id=216","og_locale":"pt_BR","og_type":"article","og_title":"Arquivos - Comit\u00ea de \u00c9tica em Pesquisa com Seres Humanos da FDV (CEP-FDV)","og_description":"Arquivos O Comit\u00ea de \u00c9tica torna dispon\u00edvel manuais e arquivos que podem ser \u00fateis para o seu conhecimento.&nbsp; MANUAL DE ORIENTA\u00c7\u00c3O\/PEND\u00caNCIAS FREQUENTES fazer download MANUAL PESQUISADOR &#8211; VERS\u00c3O 3.2.33 fazer download REGIMENTO INTERNO fazer download","og_url":"https:\/\/comitedeetica.fdv.br\/?page_id=216","og_site_name":"Comit\u00ea de \u00c9tica em Pesquisa com Seres Humanos da FDV (CEP-FDV)","article_modified_time":"2020-03-02T17:56:31+00:00","twitter_card":"summary_large_image","schema":{"@context":"https:\/\/schema.org","@graph":[{"@type":"WebPage","@id":"https:\/\/comitedeetica.fdv.br\/?page_id=216","url":"https:\/\/comitedeetica.fdv.br\/?page_id=216","name":"Arquivos - Comit\u00ea de \u00c9tica em Pesquisa com Seres Humanos da FDV (CEP-FDV)","isPartOf":{"@id":"https:\/\/comitedeetica.fdv.br\/#website"},"datePublished":"2019-06-26T19:45:34+00:00","dateModified":"2020-03-02T17:56:31+00:00","breadcrumb":{"@id":"https:\/\/comitedeetica.fdv.br\/?page_id=216#breadcrumb"},"inLanguage":"pt-BR","potentialAction":[{"@type":"ReadAction","target":["https:\/\/comitedeetica.fdv.br\/?page_id=216"]}]},{"@type":"BreadcrumbList","@id":"https:\/\/comitedeetica.fdv.br\/?page_id=216#breadcrumb","itemListElement":[{"@type":"ListItem","position":1,"name":"Home","item":"https:\/\/comitedeetica.fdv.br\/"},{"@type":"ListItem","position":2,"name":"Arquivos"}]},{"@type":"WebSite","@id":"https:\/\/comitedeetica.fdv.br\/#website","url":"https:\/\/comitedeetica.fdv.br\/","name":"Comit\u00ea de \u00c9tica em Pesquisa com Seres Humanos da FDV (CEP-FDV)","description":"","potentialAction":[{"@type":"SearchAction","target":{"@type":"EntryPoint","urlTemplate":"https:\/\/comitedeetica.fdv.br\/?s={search_term_string}"},"query-input":{"@type":"PropertyValueSpecification","valueRequired":true,"valueName":"search_term_string"}}],"inLanguage":"pt-BR"}]}},"_links":{"self":[{"href":"https:\/\/comitedeetica.fdv.br\/index.php?rest_route=\/wp\/v2\/pages\/216","targetHints":{"allow":["GET"]}}],"collection":[{"href":"https:\/\/comitedeetica.fdv.br\/index.php?rest_route=\/wp\/v2\/pages"}],"about":[{"href":"https:\/\/comitedeetica.fdv.br\/index.php?rest_route=\/wp\/v2\/types\/page"}],"author":[{"embeddable":true,"href":"https:\/\/comitedeetica.fdv.br\/index.php?rest_route=\/wp\/v2\/users\/1"}],"replies":[{"embeddable":true,"href":"https:\/\/comitedeetica.fdv.br\/index.php?rest_route=%2Fwp%2Fv2%2Fcomments&post=216"}],"version-history":[{"count":15,"href":"https:\/\/comitedeetica.fdv.br\/index.php?rest_route=\/wp\/v2\/pages\/216\/revisions"}],"predecessor-version":[{"id":340,"href":"https:\/\/comitedeetica.fdv.br\/index.php?rest_route=\/wp\/v2\/pages\/216\/revisions\/340"}],"wp:attachment":[{"href":"https:\/\/comitedeetica.fdv.br\/index.php?rest_route=%2Fwp%2Fv2%2Fmedia&parent=216"}],"curies":[{"name":"wp","href":"https:\/\/api.w.org\/{rel}","templated":true}]}}