{"id":233,"date":"2019-06-26T18:52:03","date_gmt":"2019-06-26T21:52:03","guid":{"rendered":"https:\/\/comitedeetica.fdv.br\/?page_id=233"},"modified":"2019-12-04T17:15:04","modified_gmt":"2019-12-04T19:15:04","slug":"inicio","status":"publish","type":"page","link":"https:\/\/comitedeetica.fdv.br\/","title":{"rendered":"In\u00edcio"},"content":{"rendered":"\t\t<div data-elementor-type=\"wp-post\" data-elementor-id=\"233\" class=\"elementor elementor-233\" data-elementor-post-type=\"page\">\n\t\t\t\t\t\t<section class=\"elementor-section elementor-top-section elementor-element elementor-element-1eac21a4 elementor-section-stretched elementor-section-full_width elementor-section-height-default elementor-section-height-default\" data-id=\"1eac21a4\" data-element_type=\"section\" data-settings=\"{&quot;background_background&quot;:&quot;classic&quot;,&quot;stretch_section&quot;:&quot;section-stretched&quot;}\">\n\t\t\t\t\t\t\t<div class=\"elementor-background-overlay\"><\/div>\n\t\t\t\t\t\t\t<div class=\"elementor-container elementor-column-gap-default\">\n\t\t\t\t\t<div class=\"elementor-column elementor-col-100 elementor-top-column elementor-element elementor-element-58b3cf20\" data-id=\"58b3cf20\" data-element_type=\"column\">\n\t\t\t<div class=\"elementor-widget-wrap elementor-element-populated\">\n\t\t\t\t\t\t<div class=\"elementor-element elementor-element-79e59a4 elementor-widget elementor-widget-image\" data-id=\"79e59a4\" data-element_type=\"widget\" data-widget_type=\"image.default\">\n\t\t\t\t<div class=\"elementor-widget-container\">\n\t\t\t\t\t\t\t\t\t\t\t\t\t\t\t<img fetchpriority=\"high\" decoding=\"async\" width=\"1903\" height=\"969\" src=\"https:\/\/comitedeetica.fdv.br\/wp-content\/uploads\/2019\/07\/banner.png\" class=\"attachment-full size-full wp-image-300\" alt=\"\" srcset=\"https:\/\/comitedeetica.fdv.br\/wp-content\/uploads\/2019\/07\/banner.png 1903w, https:\/\/comitedeetica.fdv.br\/wp-content\/uploads\/2019\/07\/banner-300x153.png 300w, https:\/\/comitedeetica.fdv.br\/wp-content\/uploads\/2019\/07\/banner-768x391.png 768w, https:\/\/comitedeetica.fdv.br\/wp-content\/uploads\/2019\/07\/banner-1024x521.png 1024w\" sizes=\"(max-width: 1903px) 100vw, 1903px\" \/>\t\t\t\t\t\t\t\t\t\t\t\t\t\t\t<\/div>\n\t\t\t\t<\/div>\n\t\t\t\t\t<\/div>\n\t\t<\/div>\n\t\t\t\t\t<\/div>\n\t\t<\/section>\n\t\t\t\t<\/div>\n\t\t","protected":false},"excerpt":{"rendered":"","protected":false},"author":1,"featured_media":0,"parent":0,"menu_order":0,"comment_status":"closed","ping_status":"closed","template":"elementor_header_footer","meta":{"footnotes":""},"class_list":["post-233","page","type-page","status-publish","hentry"],"yoast_head":"<!-- This site is optimized with the Yoast SEO plugin v26.4 - https:\/\/yoast.com\/wordpress\/plugins\/seo\/ -->\n<title>Comit\u00ea de \u00c9tica em Pesquisa com Seres Humanos da FDV (CEP-FDV)<\/title>\n<meta name=\"description\" content=\"Comit\u00ea de \u00c9tica em Pesquisa com Seres Humanos da FDV (CEP-FDV) \u00e9 um colegiado interdisciplinar, vinculado \u00e0 Coordena\u00e7\u00e3o de Pesquisa\" \/>\n<meta name=\"robots\" content=\"index, follow, max-snippet:-1, max-image-preview:large, max-video-preview:-1\" \/>\n<link rel=\"canonical\" href=\"https:\/\/comitedeetica.fdv.br\/\" \/>\n<meta property=\"og:locale\" content=\"pt_BR\" \/>\n<meta property=\"og:type\" content=\"article\" \/>\n<meta property=\"og:title\" content=\"Comit\u00ea de \u00c9tica em Pesquisa com Seres Humanos da FDV (CEP-FDV)\" \/>\n<meta property=\"og:description\" content=\"Comit\u00ea de \u00c9tica em Pesquisa com Seres Humanos da FDV (CEP-FDV) \u00e9 um colegiado interdisciplinar, vinculado \u00e0 Coordena\u00e7\u00e3o de Pesquisa\" \/>\n<meta property=\"og:url\" content=\"https:\/\/comitedeetica.fdv.br\/\" \/>\n<meta property=\"og:site_name\" content=\"Comit\u00ea de \u00c9tica em Pesquisa com Seres Humanos da FDV (CEP-FDV)\" \/>\n<meta property=\"article:modified_time\" content=\"2019-12-04T19:15:04+00:00\" \/>\n<meta property=\"og:image\" content=\"http:\/\/comitedeetica.fdv.br\/wp-content\/uploads\/2019\/07\/banner.png\" \/>\n<meta name=\"twitter:card\" content=\"summary_large_image\" \/>\n<script type=\"application\/ld+json\" class=\"yoast-schema-graph\">{\"@context\":\"https:\/\/schema.org\",\"@graph\":[{\"@type\":\"WebPage\",\"@id\":\"https:\/\/comitedeetica.fdv.br\/\",\"url\":\"https:\/\/comitedeetica.fdv.br\/\",\"name\":\"Comit\u00ea de \u00c9tica em Pesquisa com Seres Humanos da FDV (CEP-FDV)\",\"isPartOf\":{\"@id\":\"https:\/\/comitedeetica.fdv.br\/#website\"},\"primaryImageOfPage\":{\"@id\":\"https:\/\/comitedeetica.fdv.br\/#primaryimage\"},\"image\":{\"@id\":\"https:\/\/comitedeetica.fdv.br\/#primaryimage\"},\"thumbnailUrl\":\"http:\/\/comitedeetica.fdv.br\/wp-content\/uploads\/2019\/07\/banner.png\",\"datePublished\":\"2019-06-26T21:52:03+00:00\",\"dateModified\":\"2019-12-04T19:15:04+00:00\",\"description\":\"Comit\u00ea de \u00c9tica em Pesquisa com Seres Humanos da FDV (CEP-FDV) \u00e9 um colegiado interdisciplinar, vinculado \u00e0 Coordena\u00e7\u00e3o de Pesquisa\",\"breadcrumb\":{\"@id\":\"https:\/\/comitedeetica.fdv.br\/#breadcrumb\"},\"inLanguage\":\"pt-BR\",\"potentialAction\":[{\"@type\":\"ReadAction\",\"target\":[\"https:\/\/comitedeetica.fdv.br\/\"]}]},{\"@type\":\"ImageObject\",\"inLanguage\":\"pt-BR\",\"@id\":\"https:\/\/comitedeetica.fdv.br\/#primaryimage\",\"url\":\"https:\/\/comitedeetica.fdv.br\/wp-content\/uploads\/2019\/07\/banner.png\",\"contentUrl\":\"https:\/\/comitedeetica.fdv.br\/wp-content\/uploads\/2019\/07\/banner.png\",\"width\":1903,\"height\":969},{\"@type\":\"BreadcrumbList\",\"@id\":\"https:\/\/comitedeetica.fdv.br\/#breadcrumb\",\"itemListElement\":[{\"@type\":\"ListItem\",\"position\":1,\"name\":\"Home\",\"item\":\"https:\/\/comitedeetica.fdv.br\/\"},{\"@type\":\"ListItem\",\"position\":2,\"name\":\"In\u00edcio\"}]},{\"@type\":\"WebSite\",\"@id\":\"https:\/\/comitedeetica.fdv.br\/#website\",\"url\":\"https:\/\/comitedeetica.fdv.br\/\",\"name\":\"Comit\u00ea de \u00c9tica em Pesquisa com Seres Humanos da FDV (CEP-FDV)\",\"description\":\"\",\"potentialAction\":[{\"@type\":\"SearchAction\",\"target\":{\"@type\":\"EntryPoint\",\"urlTemplate\":\"https:\/\/comitedeetica.fdv.br\/?s={search_term_string}\"},\"query-input\":{\"@type\":\"PropertyValueSpecification\",\"valueRequired\":true,\"valueName\":\"search_term_string\"}}],\"inLanguage\":\"pt-BR\"}]}<\/script>\n<!-- \/ Yoast SEO plugin. -->","yoast_head_json":{"title":"Comit\u00ea de \u00c9tica em Pesquisa com Seres Humanos da FDV (CEP-FDV)","description":"Comit\u00ea de \u00c9tica em Pesquisa com Seres Humanos da FDV (CEP-FDV) \u00e9 um colegiado interdisciplinar, vinculado \u00e0 Coordena\u00e7\u00e3o de Pesquisa","robots":{"index":"index","follow":"follow","max-snippet":"max-snippet:-1","max-image-preview":"max-image-preview:large","max-video-preview":"max-video-preview:-1"},"canonical":"https:\/\/comitedeetica.fdv.br\/","og_locale":"pt_BR","og_type":"article","og_title":"Comit\u00ea de \u00c9tica em Pesquisa com Seres Humanos da FDV (CEP-FDV)","og_description":"Comit\u00ea de \u00c9tica em Pesquisa com Seres Humanos da FDV (CEP-FDV) \u00e9 um colegiado interdisciplinar, vinculado \u00e0 Coordena\u00e7\u00e3o de Pesquisa","og_url":"https:\/\/comitedeetica.fdv.br\/","og_site_name":"Comit\u00ea de \u00c9tica em Pesquisa com Seres Humanos da FDV (CEP-FDV)","article_modified_time":"2019-12-04T19:15:04+00:00","og_image":[{"url":"http:\/\/comitedeetica.fdv.br\/wp-content\/uploads\/2019\/07\/banner.png","type":"","width":"","height":""}],"twitter_card":"summary_large_image","schema":{"@context":"https:\/\/schema.org","@graph":[{"@type":"WebPage","@id":"https:\/\/comitedeetica.fdv.br\/","url":"https:\/\/comitedeetica.fdv.br\/","name":"Comit\u00ea de \u00c9tica em Pesquisa com Seres Humanos da FDV (CEP-FDV)","isPartOf":{"@id":"https:\/\/comitedeetica.fdv.br\/#website"},"primaryImageOfPage":{"@id":"https:\/\/comitedeetica.fdv.br\/#primaryimage"},"image":{"@id":"https:\/\/comitedeetica.fdv.br\/#primaryimage"},"thumbnailUrl":"http:\/\/comitedeetica.fdv.br\/wp-content\/uploads\/2019\/07\/banner.png","datePublished":"2019-06-26T21:52:03+00:00","dateModified":"2019-12-04T19:15:04+00:00","description":"Comit\u00ea de \u00c9tica em Pesquisa com Seres Humanos da FDV (CEP-FDV) \u00e9 um colegiado interdisciplinar, vinculado \u00e0 Coordena\u00e7\u00e3o de Pesquisa","breadcrumb":{"@id":"https:\/\/comitedeetica.fdv.br\/#breadcrumb"},"inLanguage":"pt-BR","potentialAction":[{"@type":"ReadAction","target":["https:\/\/comitedeetica.fdv.br\/"]}]},{"@type":"ImageObject","inLanguage":"pt-BR","@id":"https:\/\/comitedeetica.fdv.br\/#primaryimage","url":"https:\/\/comitedeetica.fdv.br\/wp-content\/uploads\/2019\/07\/banner.png","contentUrl":"https:\/\/comitedeetica.fdv.br\/wp-content\/uploads\/2019\/07\/banner.png","width":1903,"height":969},{"@type":"BreadcrumbList","@id":"https:\/\/comitedeetica.fdv.br\/#breadcrumb","itemListElement":[{"@type":"ListItem","position":1,"name":"Home","item":"https:\/\/comitedeetica.fdv.br\/"},{"@type":"ListItem","position":2,"name":"In\u00edcio"}]},{"@type":"WebSite","@id":"https:\/\/comitedeetica.fdv.br\/#website","url":"https:\/\/comitedeetica.fdv.br\/","name":"Comit\u00ea de \u00c9tica em Pesquisa com Seres Humanos da FDV (CEP-FDV)","description":"","potentialAction":[{"@type":"SearchAction","target":{"@type":"EntryPoint","urlTemplate":"https:\/\/comitedeetica.fdv.br\/?s={search_term_string}"},"query-input":{"@type":"PropertyValueSpecification","valueRequired":true,"valueName":"search_term_string"}}],"inLanguage":"pt-BR"}]}},"_links":{"self":[{"href":"https:\/\/comitedeetica.fdv.br\/index.php?rest_route=\/wp\/v2\/pages\/233","targetHints":{"allow":["GET"]}}],"collection":[{"href":"https:\/\/comitedeetica.fdv.br\/index.php?rest_route=\/wp\/v2\/pages"}],"about":[{"href":"https:\/\/comitedeetica.fdv.br\/index.php?rest_route=\/wp\/v2\/types\/page"}],"author":[{"embeddable":true,"href":"https:\/\/comitedeetica.fdv.br\/index.php?rest_route=\/wp\/v2\/users\/1"}],"replies":[{"embeddable":true,"href":"https:\/\/comitedeetica.fdv.br\/index.php?rest_route=%2Fwp%2Fv2%2Fcomments&post=233"}],"version-history":[{"count":10,"href":"https:\/\/comitedeetica.fdv.br\/index.php?rest_route=\/wp\/v2\/pages\/233\/revisions"}],"predecessor-version":[{"id":323,"href":"https:\/\/comitedeetica.fdv.br\/index.php?rest_route=\/wp\/v2\/pages\/233\/revisions\/323"}],"wp:attachment":[{"href":"https:\/\/comitedeetica.fdv.br\/index.php?rest_route=%2Fwp%2Fv2%2Fmedia&parent=233"}],"curies":[{"name":"wp","href":"https:\/\/api.w.org\/{rel}","templated":true}]}}