{"id":9,"date":"2019-06-25T17:58:54","date_gmt":"2019-06-25T20:58:54","guid":{"rendered":"https:\/\/comitedeetica.fdv.br\/?page_id=9"},"modified":"2019-07-25T11:10:39","modified_gmt":"2019-07-25T14:10:39","slug":"atribuicoes","status":"publish","type":"page","link":"https:\/\/comitedeetica.fdv.br\/?page_id=9","title":{"rendered":"Atribui\u00e7\u00f5es"},"content":{"rendered":"\t\t<div data-elementor-type=\"wp-post\" data-elementor-id=\"9\" class=\"elementor elementor-9\" data-elementor-post-type=\"page\">\n\t\t\t\t\t\t<section class=\"elementor-section elementor-top-section elementor-element elementor-element-26735ca3 elementor-section-boxed elementor-section-height-default elementor-section-height-default\" data-id=\"26735ca3\" data-element_type=\"section\" data-settings=\"{&quot;background_background&quot;:&quot;classic&quot;}\">\n\t\t\t\t\t\t<div class=\"elementor-container elementor-column-gap-default\">\n\t\t\t\t\t<div class=\"elementor-column elementor-col-50 elementor-top-column elementor-element elementor-element-39b2d526\" data-id=\"39b2d526\" data-element_type=\"column\">\n\t\t\t<div class=\"elementor-widget-wrap elementor-element-populated\">\n\t\t\t\t\t\t<div class=\"elementor-element elementor-element-7b8e807f elementor-widget elementor-widget-heading\" data-id=\"7b8e807f\" data-element_type=\"widget\" data-widget_type=\"heading.default\">\n\t\t\t\t<div class=\"elementor-widget-container\">\n\t\t\t\t\t<h2 class=\"elementor-heading-title elementor-size-default\">Atribui\u00e7\u00f5es<\/h2>\t\t\t\t<\/div>\n\t\t\t\t<\/div>\n\t\t\t\t\t<\/div>\n\t\t<\/div>\n\t\t\t\t<div class=\"elementor-column elementor-col-50 elementor-top-column elementor-element elementor-element-34224e28\" data-id=\"34224e28\" data-element_type=\"column\">\n\t\t\t<div class=\"elementor-widget-wrap elementor-element-populated\">\n\t\t\t\t\t\t<div class=\"elementor-element elementor-element-7d38a7b0 elementor-align-right elementor-mobile-align-center elementor-widget elementor-widget-breadcrumbs\" data-id=\"7d38a7b0\" data-element_type=\"widget\" data-widget_type=\"breadcrumbs.default\">\n\t\t\t\t<div class=\"elementor-widget-container\">\n\t\t\t\t\t<p id=\"breadcrumbs\"><span><span><a href=\"https:\/\/comitedeetica.fdv.br\/\">Home<\/a><\/span><\/span><\/p>\t\t\t\t<\/div>\n\t\t\t\t<\/div>\n\t\t\t\t\t<\/div>\n\t\t<\/div>\n\t\t\t\t\t<\/div>\n\t\t<\/section>\n\t\t\t\t<section class=\"elementor-section elementor-top-section elementor-element elementor-element-bfc3313 elementor-section-boxed elementor-section-height-default elementor-section-height-default\" data-id=\"bfc3313\" data-element_type=\"section\" data-settings=\"{&quot;background_background&quot;:&quot;classic&quot;}\">\n\t\t\t\t\t\t<div class=\"elementor-container elementor-column-gap-default\">\n\t\t\t\t\t<div class=\"elementor-column elementor-col-100 elementor-top-column elementor-element elementor-element-7c72c963\" data-id=\"7c72c963\" data-element_type=\"column\" data-settings=\"{&quot;background_background&quot;:&quot;classic&quot;}\">\n\t\t\t<div class=\"elementor-widget-wrap elementor-element-populated\">\n\t\t\t\t\t\t<div class=\"elementor-element elementor-element-355d0162 elementor-widget elementor-widget-heading\" data-id=\"355d0162\" data-element_type=\"widget\" data-widget_type=\"heading.default\">\n\t\t\t\t<div class=\"elementor-widget-container\">\n\t\t\t\t\t<h2 class=\"elementor-heading-title elementor-size-default\">As atribui\u00e7\u00f5es do CEP-FDV, em conson\u00e2ncia com as disposi\u00e7\u00f5es da Resolu\u00e7\u00e3o n\u00ba 466\/12 s\u00e3o:<\/h2>\t\t\t\t<\/div>\n\t\t\t\t<\/div>\n\t\t\t\t<section class=\"elementor-section elementor-inner-section elementor-element elementor-element-13bec83 elementor-section-boxed elementor-section-height-default elementor-section-height-default\" data-id=\"13bec83\" data-element_type=\"section\" data-settings=\"{&quot;background_background&quot;:&quot;classic&quot;}\">\n\t\t\t\t\t\t<div class=\"elementor-container elementor-column-gap-default\">\n\t\t\t\t\t<div class=\"elementor-column elementor-col-100 elementor-inner-column elementor-element elementor-element-40356132\" data-id=\"40356132\" data-element_type=\"column\">\n\t\t\t<div class=\"elementor-widget-wrap elementor-element-populated\">\n\t\t\t\t\t\t<div class=\"elementor-element elementor-element-7848dfd5 elementor-widget elementor-widget-text-editor\" data-id=\"7848dfd5\" data-element_type=\"widget\" data-widget_type=\"text-editor.default\">\n\t\t\t\t<div class=\"elementor-widget-container\">\n\t\t\t\t\t\t\t\t\tAvaliar protocolos de pesquisa envolvendo seres humanos, cabendo-lhe a responsabilidade prim\u00e1ria pelas decis\u00f5es sobre a \u00e9tica da pesquisa a ser desenvolvida na institui\u00e7\u00e3o, de modo a garantir e resguardar a integridade e os direitos dos volunt\u00e1rios participantes nas referidas pesquisas;\t\t\t\t\t\t\t\t<\/div>\n\t\t\t\t<\/div>\n\t\t\t\t\t<\/div>\n\t\t<\/div>\n\t\t\t\t\t<\/div>\n\t\t<\/section>\n\t\t\t\t<section class=\"elementor-section elementor-inner-section elementor-element elementor-element-6b5ba977 elementor-section-boxed elementor-section-height-default elementor-section-height-default\" data-id=\"6b5ba977\" data-element_type=\"section\" data-settings=\"{&quot;background_background&quot;:&quot;classic&quot;}\">\n\t\t\t\t\t\t<div class=\"elementor-container elementor-column-gap-default\">\n\t\t\t\t\t<div class=\"elementor-column elementor-col-100 elementor-inner-column elementor-element elementor-element-17e97ed3\" data-id=\"17e97ed3\" data-element_type=\"column\">\n\t\t\t<div class=\"elementor-widget-wrap elementor-element-populated\">\n\t\t\t\t\t\t<div class=\"elementor-element elementor-element-22c26e66 elementor-widget elementor-widget-text-editor\" data-id=\"22c26e66\" data-element_type=\"widget\" data-widget_type=\"text-editor.default\">\n\t\t\t\t<div class=\"elementor-widget-container\">\n\t\t\t\t\t\t\t\t\tO CEP-FDV pode apreciar os projetos de pesquisa envolvendo seres humanos, de iniciativa de profissionais de outros hospitais, ou outras unidades de sa\u00fade e institui\u00e7\u00f5es, caso nestas institui\u00e7\u00f5es n\u00e3o haja CEP devidamente constitu\u00eddo.\t\t\t\t\t\t\t\t<\/div>\n\t\t\t\t<\/div>\n\t\t\t\t\t<\/div>\n\t\t<\/div>\n\t\t\t\t\t<\/div>\n\t\t<\/section>\n\t\t\t\t<section class=\"elementor-section elementor-inner-section elementor-element elementor-element-c28d834 elementor-section-boxed elementor-section-height-default elementor-section-height-default\" data-id=\"c28d834\" data-element_type=\"section\" data-settings=\"{&quot;background_background&quot;:&quot;classic&quot;}\">\n\t\t\t\t\t\t<div class=\"elementor-container elementor-column-gap-default\">\n\t\t\t\t\t<div class=\"elementor-column elementor-col-100 elementor-inner-column elementor-element elementor-element-10cc5d12\" data-id=\"10cc5d12\" data-element_type=\"column\">\n\t\t\t<div class=\"elementor-widget-wrap elementor-element-populated\">\n\t\t\t\t\t\t<div class=\"elementor-element elementor-element-18792db9 elementor-widget elementor-widget-text-editor\" data-id=\"18792db9\" data-element_type=\"widget\" data-widget_type=\"text-editor.default\">\n\t\t\t\t<div class=\"elementor-widget-container\">\n\t\t\t\t\t\t\t\t\tAcompanhar o desenvolvimento dos projetos atrav\u00e9s de relat\u00f3rios anuais dos pesquisadores;\t\t\t\t\t\t\t\t<\/div>\n\t\t\t\t<\/div>\n\t\t\t\t\t<\/div>\n\t\t<\/div>\n\t\t\t\t\t<\/div>\n\t\t<\/section>\n\t\t\t\t<section class=\"elementor-section elementor-inner-section elementor-element elementor-element-1a5f5d33 elementor-section-boxed elementor-section-height-default elementor-section-height-default\" data-id=\"1a5f5d33\" data-element_type=\"section\" data-settings=\"{&quot;background_background&quot;:&quot;classic&quot;}\">\n\t\t\t\t\t\t<div class=\"elementor-container elementor-column-gap-default\">\n\t\t\t\t\t<div class=\"elementor-column elementor-col-100 elementor-inner-column elementor-element elementor-element-1a92552d\" data-id=\"1a92552d\" data-element_type=\"column\">\n\t\t\t<div class=\"elementor-widget-wrap elementor-element-populated\">\n\t\t\t\t\t\t<div class=\"elementor-element elementor-element-7b7b9e73 elementor-widget elementor-widget-text-editor\" data-id=\"7b7b9e73\" data-element_type=\"widget\" data-widget_type=\"text-editor.default\">\n\t\t\t\t<div class=\"elementor-widget-container\">\n\t\t\t\t\t\t\t\t\tDesempenhar papel consultivo e educativo, fomentando a reflex\u00e3o em torno da \u00e9tica na ci\u00eancia;\t\t\t\t\t\t\t\t<\/div>\n\t\t\t\t<\/div>\n\t\t\t\t\t<\/div>\n\t\t<\/div>\n\t\t\t\t\t<\/div>\n\t\t<\/section>\n\t\t\t\t<section class=\"elementor-section elementor-inner-section elementor-element elementor-element-4ba66a72 elementor-section-boxed elementor-section-height-default elementor-section-height-default\" data-id=\"4ba66a72\" data-element_type=\"section\" data-settings=\"{&quot;background_background&quot;:&quot;classic&quot;}\">\n\t\t\t\t\t\t<div class=\"elementor-container elementor-column-gap-default\">\n\t\t\t\t\t<div class=\"elementor-column elementor-col-100 elementor-inner-column elementor-element elementor-element-3914f15c\" data-id=\"3914f15c\" data-element_type=\"column\">\n\t\t\t<div class=\"elementor-widget-wrap elementor-element-populated\">\n\t\t\t\t\t\t<div class=\"elementor-element elementor-element-a8d2df2 elementor-widget elementor-widget-text-editor\" data-id=\"a8d2df2\" data-element_type=\"widget\" data-widget_type=\"text-editor.default\">\n\t\t\t\t<div class=\"elementor-widget-container\">\n\t\t\t\t\t\t\t\t\tManter em arquivo os projetos, os protocolos e os relat\u00f3rios correspondentes por um per\u00edodo m\u00ednimo de 5 (cinco) anos, ap\u00f3s o t\u00e9rmino do estudo;\t\t\t\t\t\t\t\t<\/div>\n\t\t\t\t<\/div>\n\t\t\t\t\t<\/div>\n\t\t<\/div>\n\t\t\t\t\t<\/div>\n\t\t<\/section>\n\t\t\t\t<section class=\"elementor-section elementor-inner-section elementor-element elementor-element-2ac07493 elementor-section-boxed elementor-section-height-default elementor-section-height-default\" data-id=\"2ac07493\" data-element_type=\"section\" data-settings=\"{&quot;background_background&quot;:&quot;classic&quot;}\">\n\t\t\t\t\t\t<div class=\"elementor-container elementor-column-gap-default\">\n\t\t\t\t\t<div class=\"elementor-column elementor-col-100 elementor-inner-column elementor-element elementor-element-40810d26\" data-id=\"40810d26\" data-element_type=\"column\">\n\t\t\t<div class=\"elementor-widget-wrap elementor-element-populated\">\n\t\t\t\t\t\t<div class=\"elementor-element elementor-element-2a6fda49 elementor-widget elementor-widget-text-editor\" data-id=\"2a6fda49\" data-element_type=\"widget\" data-widget_type=\"text-editor.default\">\n\t\t\t\t<div class=\"elementor-widget-container\">\n\t\t\t\t\t\t\t\t\tElabora\u00e7\u00e3o de regimento interno; \t\t\t\t\t\t\t\t<\/div>\n\t\t\t\t<\/div>\n\t\t\t\t\t<\/div>\n\t\t<\/div>\n\t\t\t\t\t<\/div>\n\t\t<\/section>\n\t\t\t\t<section class=\"elementor-section elementor-inner-section elementor-element elementor-element-1f237c4 elementor-section-boxed elementor-section-height-default elementor-section-height-default\" data-id=\"1f237c4\" data-element_type=\"section\" data-settings=\"{&quot;background_background&quot;:&quot;classic&quot;}\">\n\t\t\t\t\t\t<div class=\"elementor-container elementor-column-gap-default\">\n\t\t\t\t\t<div class=\"elementor-column elementor-col-100 elementor-inner-column elementor-element elementor-element-34fddb3e\" data-id=\"34fddb3e\" data-element_type=\"column\">\n\t\t\t<div class=\"elementor-widget-wrap elementor-element-populated\">\n\t\t\t\t\t\t<div class=\"elementor-element elementor-element-46f739c5 elementor-widget elementor-widget-text-editor\" data-id=\"46f739c5\" data-element_type=\"widget\" data-widget_type=\"text-editor.default\">\n\t\t\t\t<div class=\"elementor-widget-container\">\n\t\t\t\t\t\t\t\t\tReceber den\u00fancias de abusos sobre fatos adversos que possam alterar o curso normal do estudo, decidindo em um processo colegiado os rumos da pesquisa, bem como a comunica\u00e7\u00e3o ao CONEP\/MS. \t\t\t\t\t\t\t\t<\/div>\n\t\t\t\t<\/div>\n\t\t\t\t\t<\/div>\n\t\t<\/div>\n\t\t\t\t\t<\/div>\n\t\t<\/section>\n\t\t\t\t<section class=\"elementor-section elementor-inner-section elementor-element elementor-element-12b24561 elementor-section-boxed elementor-section-height-default elementor-section-height-default\" data-id=\"12b24561\" data-element_type=\"section\" data-settings=\"{&quot;background_background&quot;:&quot;classic&quot;}\">\n\t\t\t\t\t\t<div class=\"elementor-container elementor-column-gap-default\">\n\t\t\t\t\t<div class=\"elementor-column elementor-col-100 elementor-inner-column elementor-element elementor-element-61826e1d\" data-id=\"61826e1d\" data-element_type=\"column\">\n\t\t\t<div class=\"elementor-widget-wrap elementor-element-populated\">\n\t\t\t\t\t\t<div class=\"elementor-element elementor-element-25c2467c elementor-widget elementor-widget-text-editor\" data-id=\"25c2467c\" data-element_type=\"widget\" data-widget_type=\"text-editor.default\">\n\t\t\t\t<div class=\"elementor-widget-container\">\n\t\t\t\t\t\t\t\t\t<p>Requerer instaura\u00e7\u00e3o de sindic\u00e2ncia \u00e0 dire\u00e7\u00e3o da Institui\u00e7\u00e3o, em caso de den\u00fancias de irregularidades de natureza \u00e9tica nas pesquisas, e em havendo comprova\u00e7\u00e3o, comunicar \u00e0 CONEP\/CNS\/MS;<\/p>\t\t\t\t\t\t\t\t<\/div>\n\t\t\t\t<\/div>\n\t\t\t\t\t<\/div>\n\t\t<\/div>\n\t\t\t\t\t<\/div>\n\t\t<\/section>\n\t\t\t\t<section class=\"elementor-section elementor-inner-section elementor-element elementor-element-fdd7a19 elementor-section-boxed elementor-section-height-default elementor-section-height-default\" data-id=\"fdd7a19\" data-element_type=\"section\" data-settings=\"{&quot;background_background&quot;:&quot;classic&quot;}\">\n\t\t\t\t\t\t<div class=\"elementor-container elementor-column-gap-default\">\n\t\t\t\t\t<div class=\"elementor-column elementor-col-100 elementor-inner-column elementor-element elementor-element-1eba9622\" data-id=\"1eba9622\" data-element_type=\"column\">\n\t\t\t<div class=\"elementor-widget-wrap elementor-element-populated\">\n\t\t\t\t\t\t<div class=\"elementor-element elementor-element-99015c0 elementor-widget elementor-widget-text-editor\" data-id=\"99015c0\" data-element_type=\"widget\" data-widget_type=\"text-editor.default\">\n\t\t\t\t<div class=\"elementor-widget-container\">\n\t\t\t\t\t\t\t\t\tManter comunica\u00e7\u00e3o regular e permanente com a CONEP\/CNS\/FDV e constituir-se em elo de comunica\u00e7\u00e3o entre os pesquisadores e a CONEP\/MS;\t\t\t\t\t\t\t\t<\/div>\n\t\t\t\t<\/div>\n\t\t\t\t\t<\/div>\n\t\t<\/div>\n\t\t\t\t\t<\/div>\n\t\t<\/section>\n\t\t\t\t<section class=\"elementor-section elementor-inner-section elementor-element elementor-element-6cc7f6b9 elementor-section-boxed elementor-section-height-default elementor-section-height-default\" data-id=\"6cc7f6b9\" data-element_type=\"section\">\n\t\t\t\t\t\t<div class=\"elementor-container elementor-column-gap-default\">\n\t\t\t\t\t<div class=\"elementor-column elementor-col-100 elementor-inner-column elementor-element elementor-element-6458d00e\" data-id=\"6458d00e\" data-element_type=\"column\">\n\t\t\t<div class=\"elementor-widget-wrap elementor-element-populated\">\n\t\t\t\t\t\t<div class=\"elementor-element elementor-element-c07db83 elementor-widget elementor-widget-text-editor\" data-id=\"c07db83\" data-element_type=\"widget\" data-widget_type=\"text-editor.default\">\n\t\t\t\t<div class=\"elementor-widget-container\">\n\t\t\t\t\t\t\t\t\tAprovar o plano anual de trabalho e o relat\u00f3rio anual de atividades do \u00f3rg\u00e3o, elaborado pelo Coordenador do Comit\u00ea;\t\t\t\t\t\t\t\t<\/div>\n\t\t\t\t<\/div>\n\t\t\t\t\t<\/div>\n\t\t<\/div>\n\t\t\t\t\t<\/div>\n\t\t<\/section>\n\t\t\t\t<section class=\"elementor-section elementor-inner-section elementor-element elementor-element-696eed39 elementor-section-boxed elementor-section-height-default elementor-section-height-default\" data-id=\"696eed39\" data-element_type=\"section\" data-settings=\"{&quot;background_background&quot;:&quot;classic&quot;}\">\n\t\t\t\t\t\t<div class=\"elementor-container elementor-column-gap-default\">\n\t\t\t\t\t<div class=\"elementor-column elementor-col-100 elementor-inner-column elementor-element elementor-element-619eba30\" data-id=\"619eba30\" data-element_type=\"column\">\n\t\t\t<div class=\"elementor-widget-wrap elementor-element-populated\">\n\t\t\t\t\t\t<div class=\"elementor-element elementor-element-71533c0c elementor-widget elementor-widget-text-editor\" data-id=\"71533c0c\" data-element_type=\"widget\" data-widget_type=\"text-editor.default\">\n\t\t\t\t<div class=\"elementor-widget-container\">\n\t\t\t\t\t\t\t\t\t<p>Cumprir e fazer cumprir as determina\u00e7\u00f5es e as resolu\u00e7\u00f5es do Conselho Nacional de Sa\u00fade e dos \u00d3rg\u00e3os Deliberativos Superiores da Faculdade sobre mat\u00e9rias relativas ao CEP.<\/p>\t\t\t\t\t\t\t\t<\/div>\n\t\t\t\t<\/div>\n\t\t\t\t\t<\/div>\n\t\t<\/div>\n\t\t\t\t\t<\/div>\n\t\t<\/section>\n\t\t\t\t\t<\/div>\n\t\t<\/div>\n\t\t\t\t\t<\/div>\n\t\t<\/section>\n\t\t\t\t<\/div>\n\t\t","protected":false},"excerpt":{"rendered":"<p>Atribui\u00e7\u00f5es As atribui\u00e7\u00f5es do CEP-FDV, em conson\u00e2ncia com as disposi\u00e7\u00f5es da Resolu\u00e7\u00e3o n\u00ba 466\/12 s\u00e3o: Avaliar protocolos de pesquisa envolvendo seres humanos, cabendo-lhe a responsabilidade prim\u00e1ria pelas decis\u00f5es sobre a \u00e9tica da pesquisa a ser desenvolvida na institui\u00e7\u00e3o, de modo a garantir e resguardar a integridade e os direitos dos volunt\u00e1rios participantes nas referidas pesquisas;O [&hellip;]<\/p>\n","protected":false},"author":1,"featured_media":0,"parent":0,"menu_order":0,"comment_status":"closed","ping_status":"closed","template":"elementor_header_footer","meta":{"footnotes":""},"class_list":["post-9","page","type-page","status-publish","hentry"],"yoast_head":"<!-- This site is optimized with the Yoast SEO plugin v26.4 - https:\/\/yoast.com\/wordpress\/plugins\/seo\/ -->\n<title>Atribui\u00e7\u00f5es - Comit\u00ea de \u00c9tica em Pesquisa com Seres Humanos da FDV (CEP-FDV)<\/title>\n<meta name=\"robots\" content=\"index, follow, max-snippet:-1, max-image-preview:large, max-video-preview:-1\" \/>\n<link rel=\"canonical\" href=\"https:\/\/comitedeetica.fdv.br\/?page_id=9\" \/>\n<meta property=\"og:locale\" content=\"pt_BR\" \/>\n<meta property=\"og:type\" content=\"article\" \/>\n<meta property=\"og:title\" content=\"Atribui\u00e7\u00f5es - Comit\u00ea de \u00c9tica em Pesquisa com Seres Humanos da FDV (CEP-FDV)\" \/>\n<meta property=\"og:description\" content=\"Atribui\u00e7\u00f5es As atribui\u00e7\u00f5es do CEP-FDV, em conson\u00e2ncia com as disposi\u00e7\u00f5es da Resolu\u00e7\u00e3o n\u00ba 466\/12 s\u00e3o: Avaliar protocolos de pesquisa envolvendo seres humanos, cabendo-lhe a responsabilidade prim\u00e1ria pelas decis\u00f5es sobre a \u00e9tica da pesquisa a ser desenvolvida na institui\u00e7\u00e3o, de modo a garantir e resguardar a integridade e os direitos dos volunt\u00e1rios participantes nas referidas pesquisas;O [&hellip;]\" \/>\n<meta property=\"og:url\" content=\"https:\/\/comitedeetica.fdv.br\/?page_id=9\" \/>\n<meta property=\"og:site_name\" content=\"Comit\u00ea de \u00c9tica em Pesquisa com Seres Humanos da FDV (CEP-FDV)\" \/>\n<meta property=\"article:modified_time\" content=\"2019-07-25T14:10:39+00:00\" \/>\n<meta name=\"twitter:card\" content=\"summary_large_image\" \/>\n<meta name=\"twitter:label1\" content=\"Est. tempo de leitura\" \/>\n\t<meta name=\"twitter:data1\" content=\"2 minutos\" \/>\n<script type=\"application\/ld+json\" class=\"yoast-schema-graph\">{\"@context\":\"https:\/\/schema.org\",\"@graph\":[{\"@type\":\"WebPage\",\"@id\":\"https:\/\/comitedeetica.fdv.br\/?page_id=9\",\"url\":\"https:\/\/comitedeetica.fdv.br\/?page_id=9\",\"name\":\"Atribui\u00e7\u00f5es - Comit\u00ea de \u00c9tica em Pesquisa com Seres Humanos da FDV (CEP-FDV)\",\"isPartOf\":{\"@id\":\"https:\/\/comitedeetica.fdv.br\/#website\"},\"datePublished\":\"2019-06-25T20:58:54+00:00\",\"dateModified\":\"2019-07-25T14:10:39+00:00\",\"breadcrumb\":{\"@id\":\"https:\/\/comitedeetica.fdv.br\/?page_id=9#breadcrumb\"},\"inLanguage\":\"pt-BR\",\"potentialAction\":[{\"@type\":\"ReadAction\",\"target\":[\"https:\/\/comitedeetica.fdv.br\/?page_id=9\"]}]},{\"@type\":\"BreadcrumbList\",\"@id\":\"https:\/\/comitedeetica.fdv.br\/?page_id=9#breadcrumb\",\"itemListElement\":[{\"@type\":\"ListItem\",\"position\":1,\"name\":\"Home\",\"item\":\"https:\/\/comitedeetica.fdv.br\/\"},{\"@type\":\"ListItem\",\"position\":2,\"name\":\"Atribui\u00e7\u00f5es\"}]},{\"@type\":\"WebSite\",\"@id\":\"https:\/\/comitedeetica.fdv.br\/#website\",\"url\":\"https:\/\/comitedeetica.fdv.br\/\",\"name\":\"Comit\u00ea de \u00c9tica em Pesquisa com Seres Humanos da FDV (CEP-FDV)\",\"description\":\"\",\"potentialAction\":[{\"@type\":\"SearchAction\",\"target\":{\"@type\":\"EntryPoint\",\"urlTemplate\":\"https:\/\/comitedeetica.fdv.br\/?s={search_term_string}\"},\"query-input\":{\"@type\":\"PropertyValueSpecification\",\"valueRequired\":true,\"valueName\":\"search_term_string\"}}],\"inLanguage\":\"pt-BR\"}]}<\/script>\n<!-- \/ Yoast SEO plugin. -->","yoast_head_json":{"title":"Atribui\u00e7\u00f5es - Comit\u00ea de \u00c9tica em Pesquisa com Seres Humanos da FDV (CEP-FDV)","robots":{"index":"index","follow":"follow","max-snippet":"max-snippet:-1","max-image-preview":"max-image-preview:large","max-video-preview":"max-video-preview:-1"},"canonical":"https:\/\/comitedeetica.fdv.br\/?page_id=9","og_locale":"pt_BR","og_type":"article","og_title":"Atribui\u00e7\u00f5es - Comit\u00ea de \u00c9tica em Pesquisa com Seres Humanos da FDV (CEP-FDV)","og_description":"Atribui\u00e7\u00f5es As atribui\u00e7\u00f5es do CEP-FDV, em conson\u00e2ncia com as disposi\u00e7\u00f5es da Resolu\u00e7\u00e3o n\u00ba 466\/12 s\u00e3o: Avaliar protocolos de pesquisa envolvendo seres humanos, cabendo-lhe a responsabilidade prim\u00e1ria pelas decis\u00f5es sobre a \u00e9tica da pesquisa a ser desenvolvida na institui\u00e7\u00e3o, de modo a garantir e resguardar a integridade e os direitos dos volunt\u00e1rios participantes nas referidas pesquisas;O [&hellip;]","og_url":"https:\/\/comitedeetica.fdv.br\/?page_id=9","og_site_name":"Comit\u00ea de \u00c9tica em Pesquisa com Seres Humanos da FDV (CEP-FDV)","article_modified_time":"2019-07-25T14:10:39+00:00","twitter_card":"summary_large_image","twitter_misc":{"Est. tempo de leitura":"2 minutos"},"schema":{"@context":"https:\/\/schema.org","@graph":[{"@type":"WebPage","@id":"https:\/\/comitedeetica.fdv.br\/?page_id=9","url":"https:\/\/comitedeetica.fdv.br\/?page_id=9","name":"Atribui\u00e7\u00f5es - Comit\u00ea de \u00c9tica em Pesquisa com Seres Humanos da FDV (CEP-FDV)","isPartOf":{"@id":"https:\/\/comitedeetica.fdv.br\/#website"},"datePublished":"2019-06-25T20:58:54+00:00","dateModified":"2019-07-25T14:10:39+00:00","breadcrumb":{"@id":"https:\/\/comitedeetica.fdv.br\/?page_id=9#breadcrumb"},"inLanguage":"pt-BR","potentialAction":[{"@type":"ReadAction","target":["https:\/\/comitedeetica.fdv.br\/?page_id=9"]}]},{"@type":"BreadcrumbList","@id":"https:\/\/comitedeetica.fdv.br\/?page_id=9#breadcrumb","itemListElement":[{"@type":"ListItem","position":1,"name":"Home","item":"https:\/\/comitedeetica.fdv.br\/"},{"@type":"ListItem","position":2,"name":"Atribui\u00e7\u00f5es"}]},{"@type":"WebSite","@id":"https:\/\/comitedeetica.fdv.br\/#website","url":"https:\/\/comitedeetica.fdv.br\/","name":"Comit\u00ea de \u00c9tica em Pesquisa com Seres Humanos da FDV (CEP-FDV)","description":"","potentialAction":[{"@type":"SearchAction","target":{"@type":"EntryPoint","urlTemplate":"https:\/\/comitedeetica.fdv.br\/?s={search_term_string}"},"query-input":{"@type":"PropertyValueSpecification","valueRequired":true,"valueName":"search_term_string"}}],"inLanguage":"pt-BR"}]}},"_links":{"self":[{"href":"https:\/\/comitedeetica.fdv.br\/index.php?rest_route=\/wp\/v2\/pages\/9","targetHints":{"allow":["GET"]}}],"collection":[{"href":"https:\/\/comitedeetica.fdv.br\/index.php?rest_route=\/wp\/v2\/pages"}],"about":[{"href":"https:\/\/comitedeetica.fdv.br\/index.php?rest_route=\/wp\/v2\/types\/page"}],"author":[{"embeddable":true,"href":"https:\/\/comitedeetica.fdv.br\/index.php?rest_route=\/wp\/v2\/users\/1"}],"replies":[{"embeddable":true,"href":"https:\/\/comitedeetica.fdv.br\/index.php?rest_route=%2Fwp%2Fv2%2Fcomments&post=9"}],"version-history":[{"count":5,"href":"https:\/\/comitedeetica.fdv.br\/index.php?rest_route=\/wp\/v2\/pages\/9\/revisions"}],"predecessor-version":[{"id":312,"href":"https:\/\/comitedeetica.fdv.br\/index.php?rest_route=\/wp\/v2\/pages\/9\/revisions\/312"}],"wp:attachment":[{"href":"https:\/\/comitedeetica.fdv.br\/index.php?rest_route=%2Fwp%2Fv2%2Fmedia&parent=9"}],"curies":[{"name":"wp","href":"https:\/\/api.w.org\/{rel}","templated":true}]}}